{"id":2320,"date":"2015-11-20T10:10:38","date_gmt":"2015-11-20T10:10:38","guid":{"rendered":"http:\/\/localhost\/tt\/wordpress\/nominee\/?page_id=2320"},"modified":"2026-03-19T11:25:42","modified_gmt":"2026-03-19T15:25:42","slug":"home","status":"publish","type":"page","link":"https:\/\/apclevislotbiniere.ca\/fr\/","title":{"rendered":"Accueil"},"content":{"rendered":"<section class=\"vc_row section-wrapper vc_custom_1452704999463\">\n\t\t    <div class=\"tt-overlay\" style=\"\"><\/div>\n\t\t<div class=\"container-fullwidth\">\n\t\t<div class=\"row\">\n\t\t\t<div class=\"wpb_column vc_column_container vc_col-sm-12\"><div class=\"vc_column-inner\"><div class=\"wpb_wrapper\">\n<div id=\"slides\" class=\"tt-slider\">\n    <ul class=\"slides-container\">\n        \n    <li class=\"\">\n                <img decoding=\"async\" src=\"https:\/\/apclevislotbiniere.ca\/wp-content\/uploads\/sites\/9\/2015\/12\/HOC-2020-1021-BT-QP-163-web.jpg\" alt=\"Jacques Gourde, votre candidat \"\/>\n        <div class=\"intro text-center\">\n            <div class=\"container\">\n                                    <span class=\"intro-sub animated fadeInDown delay-1\" style=\"font-size: 28px\">Bienvenue sur le site de l&#039;Association conservatrice de L\u00e9vis-Lotbini\u00e8re<\/span>\n                                \n                                    <span class=\"tt-title animated fadeInUp delay-3\" style=\"\">Jacques Gourde, votre candidat<\/span>\n                \n                            <\/div>\n        <\/div> <!-- .intro -->\n    <\/li>\n\n    \n    <li class=\"\">\n                <img decoding=\"async\" src=\"https:\/\/apclevislotbiniere.ca\/wp-content\/uploads\/sites\/9\/2015\/12\/IMG_0122.jpeg\" alt=\" \"\/>\n        <div class=\"intro\">\n            <div class=\"container\">\n                                \n                \n                            <\/div>\n        <\/div> <!-- .intro -->\n    <\/li>\n\n        <\/ul>\n<\/div>\n\n<\/div><\/div><\/div>\t\t<\/div>\n\t<\/div>\n<\/section>\n\n\n<section class=\"vc_row section-wrapper vc_custom_1453226346183\">\n\t\t<div class=\"container\">\n\t\t<div class=\"row\">\n\t\t\t<div class=\"wpb_column vc_column_container vc_col-sm-12\"><div class=\"vc_column-inner\"><div class=\"wpb_wrapper\">\n    <div class=\"section-intro  text-center\">\n        \n        <h2 style=\"\">Notre mission, notre vision<\/h2>\n\n                \n                    <div class=\"title-description\" style=\"\"><p>Au Parti conservateur, notre mission, notre vision sont simples. Bien g\u00e9rer l&#8217;\u00e9conomie et \u00e9viter les d\u00e9ficits. Garder les plus hauts standards en mati\u00e8re d&#8217;\u00e9thique. Prot\u00e9ger l&#8217;environnement tout en soutenant les secteurs-cl\u00e9s telle l&#8217;industrie \u00e9nerg\u00e9tique. \u00c9tablir des relations commerciales fortes avec les pays qui respectent les r\u00e8gles. \u00a0Assurer la s\u00e9curit\u00e9 de tous et cibler les criminels. Finalement, respecter les champs de comp\u00e9tence des provinces.<\/p>\n<\/div>\n        \n        \n    <\/div> <!-- .section-intro -->\n\n<div class=\"vc_row wpb_row vc_inner vc_row-fluid vc_custom_1447174641155\"><div class=\"wpb_column vc_column_container vc_col-sm-4\"><div class=\"vc_column-inner\"><div class=\"wpb_wrapper\">\n    <div class=\"icon-block icon-effect  icon-position-left\">\n                    <div class=\"tt-icon flat-icon\">\n                                    <i class=\"flaticon-house121\" style=\"color:#002856\"><\/i>\n                            <\/div>\n                \n        <div class=\"tt-content\">\n            <h3 style=\"color:#002856\">\n                                    L&#039;\u00e9conomie                            <\/h3>\n            <p>La priorit\u00e9 du Parti conservateur a toujours \u00e9t\u00e9 de g\u00e9rer le pays en &#8220;bon p\u00e8re de famille&#8221;: pas de d\u00e9penses folles, pas de surendettement et garder les taxes le plus bas possible. C&#8217;est exactement le contraire que fait le gouvernement Trudeau. \u00a0La dette du Canada est maintenant de plus de 1000 milliards de dollars. Le ratio entre la dette f\u00e9d\u00e9rale et le PIB fr\u00f4le le 50%. En 2015, alors que le Parti conservateur \u00e9tait toujours au pouvoir, la dette \u00e9tait de 612 milliards de dollars et le ratio dette PIB \u00e9tait de 31%.<\/p>\n        <\/div>\n    <\/div>\n\n<\/div><\/div><\/div><div class=\"wpb_column vc_column_container vc_col-sm-4\"><div class=\"vc_column-inner\"><div class=\"wpb_wrapper\">\n    <div class=\"icon-block icon-effect  icon-position-left\">\n                    <div class=\"tt-icon flat-icon\">\n                                    <i class=\"flaticon-award50\" style=\"color:#002856\"><\/i>\n                            <\/div>\n                \n        <div class=\"tt-content\">\n            <h3 style=\"color:#002856\">\n                                    \u00c9thique                            <\/h3>\n            <p>Notre Parti respectera les plus hauts standards en mati\u00e8re d&#8217;\u00e9thique contrairement aux lib\u00e9raux. Apr\u00e8s le scandale des commandites des lib\u00e9raux de Jean Chr\u00e9tien, il y a eu le scandale de SNC-Lavalin o\u00f9 des gens proches de Justin Trudeau ont complot\u00e9 pour renverser le processus juridique. R\u00e9cemment, avec le scandale UNIS-WE on a vu le gouvernement Trudeau octroyer un demi-milliard de dollars \u00e0 ce groupe qui avait vers\u00e9 un demi-million de dollars \u00e0 sa famille. Finalement, on vient d&#8217;apprendre que le bureau du Premier ministre Trudeau favorisait des sympathisants du parti pour les nominations de juges et pour l&#8217;obtention de contrats d&#8217;\u00e9quipement m\u00e9dical pour combattre la COVID 19.<\/p>\n        <\/div>\n    <\/div>\n\n<\/div><\/div><\/div><div class=\"wpb_column vc_column_container vc_col-sm-4\"><div class=\"vc_column-inner\"><div class=\"wpb_wrapper\">\n    <div class=\"icon-block icon-effect  icon-position-left\">\n                    <div class=\"tt-icon flat-icon\">\n                                    <i class=\"flaticon-sprig\" style=\"color:#002856\"><\/i>\n                            <\/div>\n                \n        <div class=\"tt-content\">\n            <h3 style=\"color:#002856\">\n                                    Environnement                            <\/h3>\n            <p>Il est important de prot\u00e9ger l&#8217;environnement tout comme il est primordial de soutenir le d\u00e9veloppement de l&#8217;industrie \u00e9nerg\u00e9tique. En investissant dans la recherche et le d\u00e9veloppement, nous r\u00e9ussirons \u00e0 rendre les industries p\u00e9troli\u00e8res, gazi\u00e8res et autres \u00e0 devenir de plus en plus vertes. L&#8217;usage des ol\u00e9oducs demeure la fa\u00e7on la plus s\u00e9curitaire de transporter le p\u00e9trole&#8230;parlez-en aux r\u00e9sidents de Lac M\u00e9gantic.<\/p>\n        <\/div>\n    <\/div>\n\n<\/div><\/div><\/div><\/div><div class=\"vc_row wpb_row vc_inner vc_row-fluid vc_custom_1447174648075\"><div class=\"wpb_column vc_column_container vc_col-sm-4\"><div class=\"vc_column-inner\"><div class=\"wpb_wrapper\">\n    <div class=\"icon-block icon-effect  icon-position-left\">\n                    <div class=\"tt-icon flat-icon\">\n                                    <i class=\"flaticon-earth206\" style=\"color:#002856\"><\/i>\n                            <\/div>\n                \n        <div class=\"tt-content\">\n            <h3 style=\"color:#002856\">\n                                    Politique \u00e9trang\u00e8re                            <\/h3>\n            <p>Il est important d&#8217;\u00e9tablir des relations commerciales fortes avec les pays qui respectent les droits de la personne, la d\u00e9mocratie, la primaut\u00e9 du droit et la transparence environnementale. Nous devons \u00e9galement prioriser le Canada et assurer nos propres besoins. Il est temps que les d\u00e9mocraties travaillent d&#8217;un commun accord afin de s&#8217;assurer que les r\u00e9gimes semblables \u00e0 la Chine ne puissent plus flouer le syst\u00e8me commercial et d\u00e9jouer les r\u00e8gles.<\/p>\n        <\/div>\n    <\/div>\n\n<\/div><\/div><\/div><div class=\"wpb_column vc_column_container vc_col-sm-4\"><div class=\"vc_column-inner\"><div class=\"wpb_wrapper\">\n    <div class=\"icon-block icon-effect  icon-position-left\">\n                    <div class=\"tt-icon flat-icon\">\n                                    <i class=\"flaticon-locked60\" style=\"color:#002856\"><\/i>\n                            <\/div>\n                \n        <div class=\"tt-content\">\n            <h3 style=\"color:#002856\">\n                                    S\u00e9curit\u00e9                            <\/h3>\n            <p>La s\u00e9curit\u00e9 des citoyens a toujours \u00e9t\u00e9 un enjeu important pour les conservateurs. Nous avons modifi\u00e9 le Code criminel pour ajouter des peines minimales pour les crimes les plus violents. Nous avons instaurer la Charte pour les victimes d&#8217;actes criminels. Pendant ce temps, le gouvernement Trudeau a choisi de s&#8217;attaquer aux honn\u00eates propri\u00e9taires d&#8217;armes \u00e0 feu au lieu de s&#8217;attaquer \u00e0 la v\u00e9ritable source des crimes violents: les trafiquants d&#8217;armes \u00e0 feu et les gangs de rue. Justin Trudeau a laiss\u00e9 la voie libre aux immigrants ill\u00e9gaux qui entrent par le chemin Roxham.<\/p>\n        <\/div>\n    <\/div>\n\n<\/div><\/div><\/div><div class=\"wpb_column vc_column_container vc_col-sm-4\"><div class=\"vc_column-inner\"><div class=\"wpb_wrapper\">\n    <div class=\"icon-block icon-effect  icon-position-left\">\n                    <div class=\"tt-icon flat-icon\">\n                                    <i class=\"flaticon-earth207\" style=\"color:#002856\"><\/i>\n                            <\/div>\n                \n        <div class=\"tt-content\">\n            <h3 style=\"color:#002856\">\n                                    Respect des champs de comp\u00e9tence des provinces                            <\/h3>\n            <p>Notre nouveau chef Pierre Poilievre se fait un devoir de respecter les champs de comp\u00e9tence des provinces. Voici quelques mesures:<\/p>\n<ul>\n<li>Plus de pouvoir en immigration et en culture au gouvernement du Qu\u00e9bec<\/li>\n<li>En travaillant en partenariat avec le gouvernement provincial pour d\u00e9velopper son \u00e9conomie r\u00e9gionale<\/li>\n<li>En limitant le pouvoir de d\u00e9penser du f\u00e9d\u00e9ral dans les champs de comp\u00e9tence du Qu\u00e9bec<\/li>\n<li>En r\u00e9tablissant l&#8217;\u00e9quilibre budg\u00e9taire sans couper dans les transferts aux provinces<\/li>\n<li>Et en r\u00e9pondant pr\u00e9sent au financement de grands projets d&#8217;infrastructure du Qu\u00e9bec<\/li>\n<\/ul>\n<p>De plus, notre chef Pierre a clairement indiqu\u00e9 qu&#8217;il n&#8217;irait pas \u00e0 l&#8217;encontre de la Loi 21 sur la la\u00efcit\u00e9.<\/p>\n        <\/div>\n    <\/div>\n\n<\/div><\/div><\/div><\/div><\/div><\/div><\/div>\t\t<\/div>\n\t<\/div>\n<\/section>\n\n\n<section data-vc-parallax=\"1.5\" class=\"vc_row section-wrapper text-center vc_custom_1477113085234 vc_row-has-fill vc_general vc_parallax vc_parallax-content-moving\">\n\t\t    <div class=\"tt-overlay\" style=\"\"><\/div>\n\t\t<div class=\"container-fullwidth\">\n\t\t<div class=\"row\">\n\t\t\t<div class=\"wpb_column vc_column_container vc_col-sm-12 vc_col-has-fill\"><div class=\"vc_column-inner vc_custom_1603904035345\"><div class=\"wpb_wrapper\">\n    <div class=\"section-intro  text-center  vc_custom_1603135393173\">\n        \n        <h2 style=\"color:#ffffff\">Passez \u00e0 l'Action !<\/h2>\n\n                \n        \n        \n    <\/div> <!-- .section-intro -->\n\n\n\t<div class=\"wpb_text_column wpb_content_element  vc_custom_1773933924844 white-text\" >\n\t\t<div class=\"wpb_wrapper\">\n\t\t\t<p style=\"text-align: center\">Les conservateurs croient qu&#8217;il faut faire passer les int\u00e9r\u00eats des Canadiens en premier. Nous voulons ramener une approche fond\u00e9e sur le bon sens \u00e0 Ottawa.<\/p>\n<p>&nbsp;<\/p>\n<p style=\"text-align: center\">Aidez-nous \u00e0 battre Mark Carney lors des prochaines \u00e9lections f\u00e9d\u00e9rales!<\/p>\n\n\t\t<\/div>\n\t<\/div>\n<div class=\"vc_btn3-container  wpb_animate_when_almost_visible wpb_bounceInLeft bounceInLeft vc_btn3-inline vc_custom_1603903695895\" ><a style=\"background-color:#ea002a; color:#ffffff;\" class=\"vc_general vc_btn3 vc_btn3-size-md vc_btn3-shape-rounded vc_btn3-style-custom\" href=\"https:\/\/apclevislotbiniere.ca\/benevole\/\" title=\"B\u00e9n\u00e9vole\">Devenez B\u00e9n\u00e9vole<\/a><\/div><div class=\"vc_btn3-container  wpb_animate_when_almost_visible wpb_bounceInDown bounceInDown vc_btn3-inline vc_custom_1773933895849\" ><a style=\"background-color:#ea002a; color:#eeeeee;\" class=\"vc_general vc_btn3 vc_btn3-size-md vc_btn3-shape-rounded vc_btn3-style-custom\" href=\"https:\/\/apclevislotbiniere.ca\/campaigns\/campagne-de-financement-2026\/\" title=\"Don\">Donnez maintenant<\/a><\/div><div class=\"vc_btn3-container  wpb_animate_when_almost_visible wpb_bounceInRight bounceInRight vc_btn3-inline vc_custom_1603284275474\" ><a style=\"background-color:#ea002a; color:#eeeeee;\" class=\"vc_general vc_btn3 vc_btn3-size-md vc_btn3-shape-rounded vc_btn3-style-custom\" href=\"https:\/\/donate.conservative.ca\/fr\/membership\/\" title=\"\" target=\"_blank\">Devenez membre<\/a><\/div><\/div><\/div><\/div>\t\t<\/div>\n\t<\/div>\n<\/section>","protected":false},"excerpt":{"rendered":"Bienvenue sur le site de l&#039;Association conservatrice de L\u00e9vis-Lotbini\u00e8re Jacques Gourde, votre candidat Notre mission, notre vision Au Parti conservateur, notre mission, notre vision sont simples. Bien g\u00e9rer l'\u00e9conomie et \u00e9viter les d\u00e9ficits. Garder les plus hauts standards en mati\u00e8re d'\u00e9thique. Prot\u00e9ger l'environnement tout en soutenant les secteurs-cl\u00e9s telle l'industrie \u00e9nerg\u00e9tique. \u00c9tablir des relations commerciales [...]","protected":false},"author":3,"featured_media":0,"parent":0,"menu_order":0,"comment_status":"closed","ping_status":"closed","template":"page-templates\/template-home.php","meta":{"footnotes":""},"class_list":["post-2320","page","type-page","status-publish","hentry"],"_links":{"self":[{"href":"https:\/\/apclevislotbiniere.ca\/fr\/wp-json\/wp\/v2\/pages\/2320","targetHints":{"allow":["GET"]}}],"collection":[{"href":"https:\/\/apclevislotbiniere.ca\/fr\/wp-json\/wp\/v2\/pages"}],"about":[{"href":"https:\/\/apclevislotbiniere.ca\/fr\/wp-json\/wp\/v2\/types\/page"}],"author":[{"embeddable":true,"href":"https:\/\/apclevislotbiniere.ca\/fr\/wp-json\/wp\/v2\/users\/3"}],"replies":[{"embeddable":true,"href":"https:\/\/apclevislotbiniere.ca\/fr\/wp-json\/wp\/v2\/comments?post=2320"}],"version-history":[{"count":101,"href":"https:\/\/apclevislotbiniere.ca\/fr\/wp-json\/wp\/v2\/pages\/2320\/revisions"}],"predecessor-version":[{"id":5222,"href":"https:\/\/apclevislotbiniere.ca\/fr\/wp-json\/wp\/v2\/pages\/2320\/revisions\/5222"}],"wp:attachment":[{"href":"https:\/\/apclevislotbiniere.ca\/fr\/wp-json\/wp\/v2\/media?parent=2320"}],"curies":[{"name":"wp","href":"https:\/\/api.w.org\/{rel}","templated":true}]}}