{"id":2539,"date":"2015-12-19T07:49:53","date_gmt":"2015-12-19T07:49:53","guid":{"rendered":"http:\/\/trendytheme.net\/demo\/wp\/nominee\/?page_id=2539"},"modified":"2026-03-24T09:52:46","modified_gmt":"2026-03-24T13:52:46","slug":"biographie","status":"publish","type":"page","link":"https:\/\/apclevislotbiniere.ca\/fr\/biographie\/","title":{"rendered":"Biographie Jacques Gourde"},"content":{"rendered":"<section class=\"vc_row section-wrapper vc_custom_1454779789295\">\n\t\t<div class=\"container\">\n\t\t<div class=\"row\">\n\t\t\t<div class=\"wpb_column vc_column_container vc_col-sm-12\"><div class=\"vc_column-inner\"><div class=\"wpb_wrapper\">\n    <div class=\"section-intro  text-center\">\n        \n        <h2 style=\"\">Jacques Gourde  <span> D\u00e9put\u00e9 de L\u00e9vis-Lotbini\u00e8re<\/span><\/h2>\n\n                \n                    <div class=\"title-description\" style=\"\"><p>Fervent nationaliste, Jacques Gourde demeure un ardent d\u00e9fenseur de la libert\u00e9 individuelle et du f\u00e9d\u00e9ralisme d\u2019ouverture. Il est tr\u00e8s fier de repr\u00e9senter une circonscription aussi diversifi\u00e9e et dynamique que L\u00e9vis-Lotbini\u00e8re, et c\u2019est avec d\u00e9termination et implication qu\u2019il se porte \u00e0 l\u2019\u00e9coute de ses \u00e9lecteurs, et ce, depuis d\u00e9j\u00e0 plus de dix ans.<\/p>\n<\/div>\n        \n        \n    <\/div> <!-- .section-intro -->\n\n<\/div><\/div><\/div>\t\t<\/div>\n\t<\/div>\n<\/section>\n\n\n<section class=\"vc_row section-wrapper vc_custom_1454779914337\">\n\t\t<div class=\"container\">\n\t\t<div class=\"row\">\n\t\t\t<div class=\"wpb_column vc_column_container vc_col-sm-6\"><div class=\"vc_column-inner\"><div class=\"wpb_wrapper\"><div class=\"vc_tta-container\" data-vc-action=\"collapse\"><div class=\"vc_general vc_tta vc_tta-tabs vc_tta-color-white vc_tta-style-ultra-classic vc_tta-shape-square vc_tta-spacing-1 vc_tta-tabs-position-top vc_tta-controls-align-left\"><div class=\"vc_tta-tabs-container\"><ul class=\"vc_tta-tabs-list\"><li class=\"vc_tta-tab vc_active\" data-vc-tab><a href=\"#1454772041114-438c03a7-718e\" data-vc-tabs data-vc-container=\".vc_tta\"><span class=\"vc_tta-title-text\">\u00c9lection<\/span><\/a><\/li><li class=\"vc_tta-tab\" data-vc-tab><a href=\"#1454772041205-ce9234c7-a788\" data-vc-tabs data-vc-container=\".vc_tta\"><span class=\"vc_tta-title-text\">Parcours Politique<\/span><\/a><\/li><li class=\"vc_tta-tab\" data-vc-tab><a href=\"#1454772290353-94cce19d-b6ca\" data-vc-tabs data-vc-container=\".vc_tta\"><span class=\"vc_tta-title-text\">\u00c9ducation<\/span><\/a><\/li><li class=\"vc_tta-tab\" data-vc-tab><a href=\"#1454772309710-ef84df86-5ca6\" data-vc-tabs data-vc-container=\".vc_tta\"><span class=\"vc_tta-title-text\">Famille<\/span><\/a><\/li><\/ul><\/div><div class=\"vc_tta-panels-container\"><div class=\"vc_tta-panels\"><div class=\"vc_tta-panel vc_active\" id=\"1454772041114-438c03a7-718e\" data-vc-content=\".vc_tta-panel-body\"><div class=\"vc_tta-panel-heading\"><h4 class=\"vc_tta-panel-title\"><a href=\"#1454772041114-438c03a7-718e\" data-vc-accordion data-vc-container=\".vc_tta-container\"><span class=\"vc_tta-title-text\">\u00c9lection<\/span><\/a><\/h4><\/div><div class=\"vc_tta-panel-body\">\n\t<div class=\"wpb_text_column wpb_content_element\" >\n\t\t<div class=\"wpb_wrapper\">\n\t\t\t<p>Jacques Gourde a \u00e9t\u00e9 \u00e9lu pour \u00a0la premi\u00e8re fois \u00e0 la Chambre des communes en 2006, puis r\u00e9\u00e9lu successivement pour les mandats de 2008 et 2011 \u00e0 titre de d\u00e9put\u00e9 de Lotbini\u00e8re-Chutes-de-la-Chaudi\u00e8re et en 2015, 2019, 2021, dans la m\u00eame circonscription cette fois-ci renomm\u00e9e L\u00e9vis-Lotbini\u00e8re. Puis en 2025 dans la circonscription red\u00e9coup\u00e9e de L\u00e9vis-Lotbini\u00e8re \u00e0 laquelle 11 municipalit\u00e9s de la MRC de Lotbini\u00e8re ont \u00e9t\u00e9 retranch\u00e9es et un bout du quartier St-Romuald dans la Ville de L\u00e9vis a \u00e9t\u00e9 ajout\u00e9.<\/p>\n\n\t\t<\/div>\n\t<\/div>\n\n\t<div class=\"wpb_text_column wpb_content_element\" >\n\t\t<div class=\"wpb_wrapper\">\n\t\t\t\n\t\t<\/div>\n\t<\/div>\n<\/div><\/div><div class=\"vc_tta-panel\" id=\"1454772041205-ce9234c7-a788\" data-vc-content=\".vc_tta-panel-body\"><div class=\"vc_tta-panel-heading\"><h4 class=\"vc_tta-panel-title\"><a href=\"#1454772041205-ce9234c7-a788\" data-vc-accordion data-vc-container=\".vc_tta-container\"><span class=\"vc_tta-title-text\">Parcours Politique<\/span><\/a><\/h4><\/div><div class=\"vc_tta-panel-body\">\n\t<div class=\"wpb_text_column wpb_content_element\" >\n\t\t<div class=\"wpb_wrapper\">\n\t\t\t<p>Jacques Gourde si\u00e8ge au comit\u00e9 permanent de l\u2019acc\u00e8s \u00e0 l\u2019information, de la protection des renseignements personnels et de l\u2019\u00e9thique et est directeur du Comit\u00e9 Canada-France.<\/p>\n\n\t\t<\/div>\n\t<\/div>\n\n\t<div class=\"wpb_text_column wpb_content_element\" >\n\t\t<div class=\"wpb_wrapper\">\n\t\t\t<p>M. Gourde a cumul\u00e9 et altern\u00e9 diff\u00e9rents postes aux cours de ses mandats. Il a occup\u00e9 les postes suivants : Porte-parole adjoint de l\u2019Opposition officielle pour l\u2019Agriculture et l\u2019Agroalimentaire; Pr\u00e9sident du caucus conservateur pour la province de Qu\u00e9bec; Secr\u00e9taire parlementaire du Premier ministre, pour les Langues officielles et pour l\u2019Agence de d\u00e9veloppement \u00e9conomique du Canada pour les r\u00e9gions du Qu\u00e9bec; Secr\u00e9taire parlementaire de la ministre des Travaux publics et des Services gouvernementaux; Secr\u00e9taire parlementaire du ministre du Revenu national; Secr\u00e9taire parlementaire pour les Langues officielles; Secr\u00e9taire parlementaire du ministre du Travail; Secr\u00e9taire parlementaire du ministre de l\u2019Agence de d\u00e9veloppement \u00e9conomique du Canada pour les r\u00e9gions du Qu\u00e9bec; Secr\u00e9taire parlementaire du ministre des Ressources naturelles et Secr\u00e9taire parlementaire du ministre de l\u2019Agriculture et de l\u2019Agroalimentaire et ministre de la Commission canadienne du bl\u00e9.<\/p>\n\n\t\t<\/div>\n\t<\/div>\n<\/div><\/div><div class=\"vc_tta-panel\" id=\"1454772290353-94cce19d-b6ca\" data-vc-content=\".vc_tta-panel-body\"><div class=\"vc_tta-panel-heading\"><h4 class=\"vc_tta-panel-title\"><a href=\"#1454772290353-94cce19d-b6ca\" data-vc-accordion data-vc-container=\".vc_tta-container\"><span class=\"vc_tta-title-text\">\u00c9ducation<\/span><\/a><\/h4><\/div><div class=\"vc_tta-panel-body\">\n\t<div class=\"wpb_text_column wpb_content_element\" >\n\t\t<div class=\"wpb_wrapper\">\n\t\t\t<p>Dipl\u00f4m\u00e9 en gestion agricole, M. Gourde \u00e9tait, pr\u00e9c\u00e9demment \u00e0 son implication politique en tant que d\u00e9put\u00e9, producteur et exportateur de foin \u00e0 Saint-Narcisse-de-Beaurivage.<\/p>\n\n\t\t<\/div>\n\t<\/div>\n\n\t<div class=\"wpb_text_column wpb_content_element\" >\n\t\t<div class=\"wpb_wrapper\">\n\t\t\t\n\t\t<\/div>\n\t<\/div>\n<\/div><\/div><div class=\"vc_tta-panel\" id=\"1454772309710-ef84df86-5ca6\" data-vc-content=\".vc_tta-panel-body\"><div class=\"vc_tta-panel-heading\"><h4 class=\"vc_tta-panel-title\"><a href=\"#1454772309710-ef84df86-5ca6\" data-vc-accordion data-vc-container=\".vc_tta-container\"><span class=\"vc_tta-title-text\">Famille<\/span><\/a><\/h4><\/div><div class=\"vc_tta-panel-body\">\n\t<div class=\"wpb_text_column wpb_content_element\" >\n\t\t<div class=\"wpb_wrapper\">\n\t\t\t<p>Jacques Gourde est n\u00e9 \u00e0 St-Narcisse de Lotbini\u00e8re il y a un peu plus de 50 ans et il y demeure toujours. Sa r\u00e9sidence \u00e9tant la ferme familiale. Il est mari\u00e9 \u00e0 Chantale depuis 1989 et ils ont 5 enfants. Il est maintenant producteur d&#8217;agneaux&#8230;en plus d&#8217;\u00eatre d\u00e9put\u00e9!<\/p>\n\n\t\t<\/div>\n\t<\/div>\n\n\t<div class=\"wpb_text_column wpb_content_element\" >\n\t\t<div class=\"wpb_wrapper\">\n\t\t\t<p>.<\/p>\n\n\t\t<\/div>\n\t<\/div>\n<\/div><\/div><\/div><\/div><\/div><\/div><\/div><\/div><\/div><div class=\"wpb_column vc_column_container vc_col-sm-6\"><div class=\"vc_column-inner\"><div class=\"wpb_wrapper\">\n\t<div class=\"wpb_video_widget wpb_content_element vc_clearfix   vc_video-aspect-ratio-169 vc_video-el-width-100 vc_video-align-right\" >\n\t\t<div class=\"wpb_wrapper\">\n\t\t\t\n\t\t\t<div class=\"wpb_video_wrapper\"><iframe loading=\"lazy\" title=\"2020-09-30 D\u00e9claration Jacques Gourde sur Yanni Gourde\" width=\"1140\" height=\"641\" src=\"https:\/\/www.youtube.com\/embed\/ay5PMzAVc_A?feature=oembed\" frameborder=\"0\" allow=\"accelerometer; autoplay; clipboard-write; encrypted-media; gyroscope; picture-in-picture; web-share\" allowfullscreen><\/iframe><\/div>\n\t\t<\/div>\n\t<\/div>\n<\/div><\/div><\/div>\t\t<\/div>\n\t<\/div>\n<\/section>\n\n\n<section data-vc-parallax=\"1.5\" data-vc-parallax-image=\"https:\/\/apclevislotbiniere.ca\/wp-content\/uploads\/sites\/9\/2015\/10\/HOC-2020-0930-BT-QP-034-scaled.jpg\" class=\"vc_row section-wrapper vc_custom_1604506653195 vc_row-has-fill vc_general vc_parallax vc_parallax-content-moving\">\n\t\t    <div class=\"tt-overlay\" style=\"\"><\/div>\n\t\t<div class=\"container\">\n\t\t<div class=\"row\">\n\t\t\t<div class=\"wpb_column vc_column_container vc_col-sm-12\"><div class=\"vc_column-inner\"><div class=\"wpb_wrapper\">\n    <div class=\"testimonial-carousel\"\n    \tdata-loop=\"true\" \n    \tdata-autoplay=\"true\" \n    \tdata-autoplay-speed=\"5000\" >\n        \n        \n    <div class=\"item\">\n        <div class=\"row\">\n            <div class=\"col-md-10 col-md-offset-1\">\n                <blockquote>\n                                            <div class=\"client-thumb\">\n                            <i class=\"fa fa-quote-left\"><\/i>\n                                                        <img decoding=\"async\" src=\"https:\/\/apclevislotbiniere.ca\/wp-content\/uploads\/sites\/9\/2015\/10\/HOC-2020-0930-BT-QP-034-80x80.jpg\" alt=\"Citation\"\/>\n                        <\/div>\n                                        \n                    <div class=\"quote-description\" style=\"color:#dd972e\">\n                        <p>&#8220;C&#8217;est un scandale Monsieur le Pr\u00e9sident&#8221;<\/p>\n                    <\/div>\n                    \n                    <footer style=\"color:#dd972e\">Citation <cite>Jacques Gourde<\/cite><\/footer>\n                <\/blockquote>\n            <\/div> <!-- .col-## -->\n        <\/div> <!-- .row -->\n    <\/div> <!-- .item -->\n\n    \n    <div class=\"item\">\n        <div class=\"row\">\n            <div class=\"col-md-10 col-md-offset-1\">\n                <blockquote>\n                                            <div class=\"client-thumb\">\n                            <i class=\"fa fa-quote-left\"><\/i>\n                                                        <img decoding=\"async\" src=\"https:\/\/apclevislotbiniere.ca\/wp-content\/uploads\/sites\/9\/2015\/12\/Image-80x80.jpeg\" alt=\"Citation\"\/>\n                        <\/div>\n                                        \n                    <div class=\"quote-description\" style=\"\">\n                        <p>&#8221; Monsieur le Pr\u00e9sident, les Canadiennes et les Canadiens veulent la v\u00e9rit\u00e9&#8221;<\/p>\n                    <\/div>\n                    \n                    <footer style=\"\">Citation <cite>Jacques Gourde<\/cite><\/footer>\n                <\/blockquote>\n            <\/div> <!-- .col-## -->\n        <\/div> <!-- .row -->\n    <\/div> <!-- .item -->\n\n    \n    <\/div>\n\n<\/div><\/div><\/div>\t\t<\/div>\n\t<\/div>\n<\/section>\n\n\n<section class=\"vc_row section-wrapper vc_custom_1453229380104\">\n\t\t<div class=\"container\">\n\t\t<div class=\"row\">\n\t\t\t<div class=\"wpb_column vc_column_container vc_col-sm-12\"><div class=\"vc_column-inner\"><div class=\"wpb_wrapper\">\n    <div class=\"section-intro  text-center\">\n        \n        <h2 style=\"\">Chronologie<\/h2>\n\n                \n                    <div class=\"title-description\" style=\"\"><p>Voici le parcours politique de Jacques Gourde depuis sa premi\u00e8re \u00e9lection.<\/p>\n<\/div>\n        \n        \n    <\/div> <!-- .section-intro -->\n\n\n    <div class=\"story-wrapper\">\n        \n        <ul class=\"timeline\">\n            \n            <!-- the loop -->\n        \n            <li class=\"test\">\n                <div class=\"posted-date\">\n                                                <span class=\"month\">2006<\/span>\n                                            \n                <\/div><!-- .posted-date -->\n\n                <div class=\"timeline-panel\">\n                    <div class=\"timeline-content\">\n                        <div class=\"timeline-heading\">\n                                                            <h3><a href=\"https:\/\/apclevislotbiniere.ca\/fr\/story\/2006\/\">\u00c9lu pour la premi\u00e8re fois<\/a><\/h3>\n                                                        \n                        <\/div><!-- .timeline-heading -->\n\n                        <div class=\"timeline-body\">\n                            <p>\n                                Jacques Gourde a \u00e9t\u00e9 \u00e9lu pour la premi\u00e8re fois en tant que d\u00e9put\u00e9 conservateur de Lotbini\u00e8re-Chutes-de-la-Chaudi\u00e8re, le 23 janvier 2006, avec 54.3% des votes.                            <\/p>\n\n                            \n                        <\/div><!-- \/timeline-body -->\n                    <\/div> <!-- .timeline-content -->\n                <\/div> <!-- .timeline-panel -->\n            <\/li>\n\n                <!-- end of the loop -->\n\n        \n        \n            <!-- the loop -->\n        \n            <li class=\"timeline-inverted\">\n                <div class=\"posted-date\">\n                                                <span class=\"month\">2008<\/span>\n                                            \n                <\/div><!-- .posted-date -->\n\n                <div class=\"timeline-panel\">\n                    <div class=\"timeline-content\">\n                        <div class=\"timeline-heading\">\n                                                            <h3><a href=\"https:\/\/apclevislotbiniere.ca\/fr\/story\/registering-political-party\/\">\u00c9lu pour une deuxi\u00e8me fois<\/a><\/h3>\n                                                        \n                        <\/div><!-- .timeline-heading -->\n\n                        <div class=\"timeline-body\">\n                            <p>\n                                \u00c9lu pour une deuxi\u00e8me fois le 14 octobre 2008 dans un gouvernement minoritaire. Jacques Gourde obtient 47.2% des votes.                            <\/p>\n\n                            \n                        <\/div><!-- \/timeline-body -->\n                    <\/div> <!-- .timeline-content -->\n                <\/div> <!-- .timeline-panel -->\n            <\/li>\n\n                <!-- end of the loop -->\n\n        \n        \n            <!-- the loop -->\n        \n            <li class=\"\">\n                <div class=\"posted-date\">\n                                                <span class=\"month\">2011<\/span>\n                                            \n                <\/div><!-- .posted-date -->\n\n                <div class=\"timeline-panel\">\n                    <div class=\"timeline-content\">\n                        <div class=\"timeline-heading\">\n                                                            <h3><a href=\"https:\/\/apclevislotbiniere.ca\/fr\/story\/making-a-better-manifesto\/\">Premier mandat majoritaire<\/a><\/h3>\n                                                        \n                        <\/div><!-- .timeline-heading -->\n\n                        <div class=\"timeline-body\">\n                            <p>\n                                Le 2 mai 2011, Jacques Gourde \u00e9lu une troisi\u00e8me fois pour un premier mandat majoritaire. Il obtient 39.9% des votes.                            <\/p>\n\n                            \n                        <\/div><!-- \/timeline-body -->\n                    <\/div> <!-- .timeline-content -->\n                <\/div> <!-- .timeline-panel -->\n            <\/li>\n\n                <!-- end of the loop -->\n\n        \n        \n            <!-- the loop -->\n        \n            <li class=\"timeline-inverted\">\n                <div class=\"posted-date\">\n                                                <span class=\"month\">2015<\/span>\n                                            \n                <\/div><!-- .posted-date -->\n\n                <div class=\"timeline-panel\">\n                    <div class=\"timeline-content\">\n                        <div class=\"timeline-heading\">\n                                                            <h3><a href=\"https:\/\/apclevislotbiniere.ca\/fr\/story\/joining-electoral-commission\/\">\u00c9lu dans L\u00e9vis-Lotbini\u00e8re<\/a><\/h3>\n                                                        \n                        <\/div><!-- .timeline-heading -->\n\n                        <div class=\"timeline-body\">\n                            <p>\n                                Jacques Gourde est \u00e9lu pour un quatri\u00e8me mandat et cette fois la circonscription change de nom pour L\u00e9vis-Lotbini\u00e8re. Il obtient 50.1% du vote.                            <\/p>\n\n                            \n                        <\/div><!-- \/timeline-body -->\n                    <\/div> <!-- .timeline-content -->\n                <\/div> <!-- .timeline-panel -->\n            <\/li>\n\n                <!-- end of the loop -->\n\n        \n        \n            <!-- the loop -->\n        \n            <li class=\"\">\n                <div class=\"posted-date\">\n                                                <span class=\"month\">2019<\/span>\n                                            \n                <\/div><!-- .posted-date -->\n\n                <div class=\"timeline-panel\">\n                    <div class=\"timeline-content\">\n                        <div class=\"timeline-heading\">\n                                                            <h3><a href=\"https:\/\/apclevislotbiniere.ca\/fr\/story\/leading-the-party\/\">De retour en Chambre pour cinqui\u00e8me mandat<\/a><\/h3>\n                                                        \n                        <\/div><!-- .timeline-heading -->\n\n                        <div class=\"timeline-body\">\n                            <p>\n                                Jacques Gourde est \u00e9lu pour un cinqui\u00e8me mandat cons\u00e9cutif le 21 octobre 2019. Il obtient 44.5% des votes.                            <\/p>\n\n                            \n                        <\/div><!-- \/timeline-body -->\n                    <\/div> <!-- .timeline-content -->\n                <\/div> <!-- .timeline-panel -->\n            <\/li>\n\n                <!-- end of the loop -->\n\n        \n        \n            <!-- the loop -->\n        \n            <li class=\"timeline-inverted\">\n                <div class=\"posted-date\">\n                                                <span class=\"month\">2021<\/span>\n                                            \n                <\/div><!-- .posted-date -->\n\n                <div class=\"timeline-panel\">\n                    <div class=\"timeline-content\">\n                        <div class=\"timeline-heading\">\n                                                            <h3><a href=\"https:\/\/apclevislotbiniere.ca\/fr\/story\/doyen-du-caucus-conservateur-du-quebec\/\">Doyen du caucus conservateur du Qu\u00e9bec<\/a><\/h3>\n                                                        \n                        <\/div><!-- .timeline-heading -->\n\n                        <div class=\"timeline-body\">\n                            <p>\n                                Les citoyens de L\u00e9vis-Lotbini\u00e8re ont renouvell\u00e9 leur confiance envers Jacques Gourde et l&#039;ont \u00e9lu pour un sixi\u00e8me mandat cons\u00e9cutif le 20 septembre 2021. Il obtient 51.8% des votes. Il devient&hellip;                            <\/p>\n\n                            \n                        <\/div><!-- \/timeline-body -->\n                    <\/div> <!-- .timeline-content -->\n                <\/div> <!-- .timeline-panel -->\n            <\/li>\n\n                <!-- end of the loop -->\n\n        \n                <\/ul>\n\n    <\/div> <!-- .story-wrapper-->\n\n<\/div><\/div><\/div>\t\t<\/div>\n\t<\/div>\n<\/section>\n\n\n<section data-vc-parallax=\"1.5\" class=\"vc_row section-wrapper vc_custom_1603468761270 vc_row-has-fill vc_general vc_parallax vc_parallax-content-moving\">\n\t\t    <div class=\"tt-overlay\" style=\"\"><\/div>\n\t\t<div class=\"container\">\n\t\t<div class=\"row\">\n\t\t\t<div class=\"wpb_column vc_column_container vc_col-sm-12 vc_col-has-fill\"><div class=\"vc_column-inner vc_custom_1603220792876\"><div class=\"wpb_wrapper\">\n<div class=\"fact-wrap   vc_custom_1603468598464\">\n\t<div class=\"row\">\n\t\t\n<div class=\"counter-wrapper col-sm-3\">\n\t\n\t\t\t<span class=\"icon\"><i class=\"flaticon-businessman20\"><\/i><\/span>\n\t\n\t<h2 class=\"timer\" style=\" \">338<\/h2>\n\t\n\t\t\t<span class=\"description\" style=\" \">D\u00e9put\u00e9s \u00e0 la chambre<\/span>\n\t<\/div>\n\n<div class=\"counter-wrapper col-sm-3\">\n\t\n\t\t\t<span class=\"icon\"><i class=\"flaticon-businessman20\"><\/i><\/span>\n\t\n\t<h2 class=\"timer\" style=\" \">158<\/h2>\n\t\n\t\t\t<span class=\"description\" style=\" \">Parti lib\u00e9ral<\/span>\n\t<\/div>\n\n<div class=\"counter-wrapper col-sm-3\">\n\t\n\t\t\t<span class=\"icon\"><i class=\"flaticon-businessman20\"><\/i><\/span>\n\t\n\t<h2 class=\"timer\" style=\" \">117<\/h2>\n\t\n\t\t\t<span class=\"description\" style=\" \">Parti conservateur<\/span>\n\t<\/div>\n\t<\/div>\n<\/div>\n\n<div class=\"fact-wrap   vc_custom_1603468612503\">\n\t<div class=\"row\">\n\t\t\n<div class=\"counter-wrapper col-sm-3\">\n\t\n\t\t\t<span class=\"icon\"><i class=\"flaticon-businessman20\"><\/i><\/span>\n\t\n\t<h2 class=\"timer\" style=\" \">32<\/h2>\n\t\n\t\t\t<span class=\"description\" style=\" \">Bloc qu\u00e9b\u00e9cois<\/span>\n\t<\/div>\n\n<div class=\"counter-wrapper col-sm-3\">\n\t\n\t\t\t<span class=\"icon\"><i class=\"flaticon-businessman20\"><\/i><\/span>\n\t\n\t<h2 class=\"timer\" style=\" \">25<\/h2>\n\t\n\t\t\t<span class=\"description\" style=\" \">NPD<\/span>\n\t<\/div>\n\n<div class=\"counter-wrapper col-sm-3\">\n\t\n\t\t\t<span class=\"icon\"><i class=\"flaticon-businessman20\"><\/i><\/span>\n\t\n\t<h2 class=\"timer\" style=\" \">6<\/h2>\n\t\n\t\t\t<span class=\"description\" style=\" \">Autres<\/span>\n\t<\/div>\n\t<\/div>\n<\/div>\n<\/div><\/div><\/div>\t\t<\/div>\n\t<\/div>\n<\/section>\n\n\n<section class=\"vc_row section-wrapper\">\n\t\t<div class=\"container\">\n\t\t<div class=\"row\">\n\t\t\t<div class=\"wpb_column vc_column_container vc_col-sm-12\"><div class=\"vc_column-inner\"><div class=\"wpb_wrapper\">\n\t<div class=\"wpb_video_widget wpb_content_element vc_clearfix   vc_video-aspect-ratio-169 vc_video-el-width-100 vc_video-align-left\" >\n\t\t<div class=\"wpb_wrapper\">\n\t\t\t\n\t\t\t<div class=\"wpb_video_wrapper\"><a href=\"https:\/\/vimeo.com\/51589652\">https:\/\/vimeo.com\/51589652<\/a><\/div>\n\t\t<\/div>\n\t<\/div>\n<\/div><\/div><\/div>\t\t<\/div>\n\t<\/div>\n<\/section>","protected":false},"excerpt":{"rendered":"Les citoyens de L\u00e9vis-Lotbini\u00e8re ont renouvell\u00e9 leur confiance envers Jacques Gourde et l'ont \u00e9lu pour un sixi\u00e8me mandat cons\u00e9cutif le 20 septembre 2021. Il obtient 51.8% des votes. Il devient le doyen du caucus conservateur du Qu\u00e9bec \u00e0 la Chambre des communes.","protected":false},"author":3,"featured_media":0,"parent":0,"menu_order":0,"comment_status":"closed","ping_status":"closed","template":"page-templates\/template-vc.php","meta":{"footnotes":""},"class_list":["post-2539","page","type-page","status-publish","hentry"],"_links":{"self":[{"href":"https:\/\/apclevislotbiniere.ca\/fr\/wp-json\/wp\/v2\/pages\/2539","targetHints":{"allow":["GET"]}}],"collection":[{"href":"https:\/\/apclevislotbiniere.ca\/fr\/wp-json\/wp\/v2\/pages"}],"about":[{"href":"https:\/\/apclevislotbiniere.ca\/fr\/wp-json\/wp\/v2\/types\/page"}],"author":[{"embeddable":true,"href":"https:\/\/apclevislotbiniere.ca\/fr\/wp-json\/wp\/v2\/users\/3"}],"replies":[{"embeddable":true,"href":"https:\/\/apclevislotbiniere.ca\/fr\/wp-json\/wp\/v2\/comments?post=2539"}],"version-history":[{"count":106,"href":"https:\/\/apclevislotbiniere.ca\/fr\/wp-json\/wp\/v2\/pages\/2539\/revisions"}],"predecessor-version":[{"id":5253,"href":"https:\/\/apclevislotbiniere.ca\/fr\/wp-json\/wp\/v2\/pages\/2539\/revisions\/5253"}],"wp:attachment":[{"href":"https:\/\/apclevislotbiniere.ca\/fr\/wp-json\/wp\/v2\/media?parent=2539"}],"curies":[{"name":"wp","href":"https:\/\/api.w.org\/{rel}","templated":true}]}}