{"id":2686,"date":"2015-12-29T16:10:28","date_gmt":"2015-12-29T21:10:28","guid":{"rendered":"http:\/\/trendytheme.net\/demo\/wp\/nominee\/?page_id=2686"},"modified":"2023-01-11T10:06:55","modified_gmt":"2023-01-11T15:06:55","slug":"action","status":"publish","type":"page","link":"https:\/\/apclevislotbiniere.ca\/fr\/action\/","title":{"rendered":"Vous joindre \u00e0 notre \u00e9quipe"},"content":{"rendered":"<section class=\"vc_row section-wrapper vc_custom_1452797123363\">\n\t\t<div class=\"container-fullwidth\">\n\t\t<div class=\"row\">\n\t\t\t<div class=\"wpb_column vc_column_container vc_col-sm-12\"><div class=\"vc_column-inner\"><div class=\"wpb_wrapper\">\n    <div class=\"section-intro  text-center\">\n        \n        <h2 style=\"\">Vous joindre \u00e0 notre \u00e9quipe<\/h2>\n\n                \n                    <div class=\"title-description\" style=\"\"><p><img loading=\"lazy\" decoding=\"async\" class=\"alignnone size-full wp-image-4110\" src=\"https:\/\/apclevislotbiniere.ca\/wp-content\/uploads\/sites\/9\/2015\/12\/c-symbol-rgbvignette.png\" alt=\"Logo\" width=\"150\" height=\"150\" \/><\/p>\n<\/div>\n        \n        \n    <\/div> <!-- .section-intro -->\n\n<section class=\"vc_cta3-container\"><div class=\"vc_general vc_cta3 vc_cta3-style-flat vc_cta3-shape-square vc_cta3-align-center vc_cta3-color-black vc_cta3-icon-size-md vc_cta3-actions-bottom vc_custom_1603466102717\"><div class=\"vc_cta3_content-container\"><div class=\"vc_cta3-content\"><header class=\"vc_cta3-content-header\"><h2>Devenez b\u00e9n\u00e9vole !<\/h2><\/header><p>Afin de battre Justin Trudeau lors des prochaines \u00e9lections, j&#8217;ai besoin de vous dans mon \u00e9quipe!<\/p>\n<\/div><div class=\"vc_cta3-actions\"><div class=\"vc_btn3-container vc_btn3-center\" ><a class=\"vc_general vc_btn3 vc_btn3-size-md vc_btn3-shape-square vc_btn3-style-outline vc_btn3-color-white\" href=\"https:\/\/apclevislotbiniere.ca\/benevole\/\" title=\"B\u00e9n\u00e9voles\">Devenir B\u00e9n\u00e9vole<\/a><\/div><\/div><\/div><\/div><\/section><section class=\"vc_cta3-container\"><div class=\"vc_general vc_cta3 vc_cta3-style-classic vc_cta3-shape-square vc_cta3-align-center vc_cta3-color-juicy-pink vc_cta3-icon-size-md vc_cta3-actions-bottom vc_custom_1673449612182\"><div class=\"vc_cta3_content-container\"><div class=\"vc_cta3-content\"><header class=\"vc_cta3-content-header\"><h2>Votre don nous aide !<\/h2><\/header><p>Les conservateurs croient qu&#8217;il faut faire passer les int\u00e9r\u00eats des Canadiens en premier. Nous voulons ramener une approche fond\u00e9e sur le bon sens \u00e0 Ottawa.<\/p>\n<\/div><div class=\"vc_cta3-actions\"><div class=\"vc_btn3-container vc_btn3-center\" ><a class=\"vc_general vc_btn3 vc_btn3-size-md vc_btn3-shape-square vc_btn3-style-outline vc_btn3-color-juicy-pink\" href=\"https:\/\/apclevislotbiniere.ca\/campaigns\/campagne-de-financement-2023\/\" title=\"Don\">Donner maintenant !<\/a><\/div><\/div><\/div><\/div><\/section><section class=\"vc_cta3-container\"><div class=\"vc_general vc_cta3 vc_cta3-style-flat vc_cta3-shape-square vc_cta3-align-center vc_cta3-color-juicy-pink vc_cta3-icon-size-md vc_cta3-actions-bottom vc_custom_1603466204653\"><div class=\"vc_cta3_content-container\"><div class=\"vc_cta3-content\"><header class=\"vc_cta3-content-header\"><h2>Devenez membre !<\/h2><\/header><h1 class=\"cpc-text-shadow\">Devenez un conservateur<\/h1>\n<p>Nous avons besoin de gens comme vous, qui sont pr\u00eats \u00e0 porter la banni\u00e8re conservatrice.<\/p>\n<p>Pouvons-nous compter sur vous pour faire partie de notre \u00e9quipe et remettre le Canada sur les rails?<\/p>\n<\/div><div class=\"vc_cta3-actions\"><div class=\"vc_btn3-container vc_btn3-center\" ><a class=\"vc_general vc_btn3 vc_btn3-size-md vc_btn3-shape-square vc_btn3-style-outline vc_btn3-color-white\" href=\"https:\/\/donate.conservative.ca\/fr\/membership\/\" title=\"\">Devenir membre !<\/a><\/div><\/div><\/div><\/div><\/section><\/div><\/div><\/div>\t\t<\/div>\n\t<\/div>\n<\/section>","protected":false},"excerpt":{"rendered":"Vous joindre \u00e0 notre \u00e9quipe Devenez b\u00e9n\u00e9vole !Afin de battre Justin Trudeau lors des prochaines \u00e9lections, j'ai besoin de vous dans mon \u00e9quipe! Devenir B\u00e9n\u00e9voleVotre don nous aide !Les conservateurs croient qu'il faut faire passer les int\u00e9r\u00eats des Canadiens en premier. Nous voulons ramener une approche fond\u00e9e sur le bon sens \u00e0 Ottawa. Donner maintenant [...]","protected":false},"author":3,"featured_media":0,"parent":0,"menu_order":0,"comment_status":"closed","ping_status":"closed","template":"page-templates\/template-vc.php","meta":{"footnotes":""},"class_list":["post-2686","page","type-page","status-publish","hentry"],"_links":{"self":[{"href":"https:\/\/apclevislotbiniere.ca\/fr\/wp-json\/wp\/v2\/pages\/2686","targetHints":{"allow":["GET"]}}],"collection":[{"href":"https:\/\/apclevislotbiniere.ca\/fr\/wp-json\/wp\/v2\/pages"}],"about":[{"href":"https:\/\/apclevislotbiniere.ca\/fr\/wp-json\/wp\/v2\/types\/page"}],"author":[{"embeddable":true,"href":"https:\/\/apclevislotbiniere.ca\/fr\/wp-json\/wp\/v2\/users\/3"}],"replies":[{"embeddable":true,"href":"https:\/\/apclevislotbiniere.ca\/fr\/wp-json\/wp\/v2\/comments?post=2686"}],"version-history":[{"count":12,"href":"https:\/\/apclevislotbiniere.ca\/fr\/wp-json\/wp\/v2\/pages\/2686\/revisions"}],"predecessor-version":[{"id":4734,"href":"https:\/\/apclevislotbiniere.ca\/fr\/wp-json\/wp\/v2\/pages\/2686\/revisions\/4734"}],"wp:attachment":[{"href":"https:\/\/apclevislotbiniere.ca\/fr\/wp-json\/wp\/v2\/media?parent=2686"}],"curies":[{"name":"wp","href":"https:\/\/api.w.org\/{rel}","templated":true}]}}