{"id":4117,"date":"2020-10-22T09:09:59","date_gmt":"2020-10-22T13:09:59","guid":{"rendered":"https:\/\/apclevislotbiniere.ca\/?page_id=4117"},"modified":"2020-10-28T13:26:34","modified_gmt":"2020-10-28T17:26:34","slug":"circonscription","status":"publish","type":"page","link":"https:\/\/apclevislotbiniere.ca\/fr\/circonscription\/","title":{"rendered":"Circonscription"},"content":{"rendered":"<section class=\"vc_row section-wrapper\">\n\t\t<div class=\"container\">\n\t\t<div class=\"row\">\n\t\t\t<div class=\"wpb_column vc_column_container vc_col-sm-12\"><div class=\"vc_column-inner\"><div class=\"wpb_wrapper\">\n\t<div class=\"wpb_text_column wpb_content_element\" >\n\t\t<div class=\"wpb_wrapper\">\n\t\t\t<h2><span style=\"color: #002856\"><strong>L\u00e9vis-Lotbini\u00e8re<\/strong><\/span><\/h2>\n\n\t\t<\/div>\n\t<\/div>\n\n\t<div class=\"wpb_text_column wpb_content_element\" >\n\t\t<div class=\"wpb_wrapper\">\n\t\t\t<div class=\"wp-block-image is-style-default\" style=\"text-align: center\">\n<figure class=\"aligncenter size-large\"><img loading=\"lazy\" decoding=\"async\" width=\"791\" height=\"1024\" class=\"wp-image-4122\" src=\"https:\/\/apclevislotbiniere.ca\/wp-content\/uploads\/sites\/9\/2020\/10\/Carte-de-Levis-Lotbiniere-791x1024.jpg\" alt=\"Carte de L\u00e9vis-Lotbini\u00e8re\" srcset=\"https:\/\/apclevislotbiniere.ca\/wp-content\/uploads\/sites\/9\/2020\/10\/Carte-de-Levis-Lotbiniere-791x1024.jpg 791w, https:\/\/apclevislotbiniere.ca\/wp-content\/uploads\/sites\/9\/2020\/10\/Carte-de-Levis-Lotbiniere-232x300.jpg 232w, https:\/\/apclevislotbiniere.ca\/wp-content\/uploads\/sites\/9\/2020\/10\/Carte-de-Levis-Lotbiniere-768x994.jpg 768w, https:\/\/apclevislotbiniere.ca\/wp-content\/uploads\/sites\/9\/2020\/10\/Carte-de-Levis-Lotbiniere-1187x1536.jpg 1187w, https:\/\/apclevislotbiniere.ca\/wp-content\/uploads\/sites\/9\/2020\/10\/Carte-de-Levis-Lotbiniere-1140x1475.jpg 1140w, https:\/\/apclevislotbiniere.ca\/wp-content\/uploads\/sites\/9\/2020\/10\/Carte-de-Levis-Lotbiniere-73x95.jpg 73w, https:\/\/apclevislotbiniere.ca\/wp-content\/uploads\/sites\/9\/2020\/10\/Carte-de-Levis-Lotbiniere-600x776.jpg 600w, https:\/\/apclevislotbiniere.ca\/wp-content\/uploads\/sites\/9\/2020\/10\/Carte-de-Levis-Lotbiniere.jpg 1275w\" sizes=\"auto, (max-width: 791px) 100vw, 791px\" \/><figcaption>Carte d&#8217;\u00c9lections Canada de L\u00e9vis-Lotbini\u00e8re<\/figcaption><\/figure>\n<\/div>\n<p><\/p>\n<p style=\"text-align: center\">\n\n\t\t<\/div>\n\t<\/div>\n\n\t<div class=\"wpb_text_column wpb_content_element\" >\n\t\t<div class=\"wpb_wrapper\">\n\t\t\t\n\t\t<\/div>\n\t<\/div>\n<\/div><\/div><\/div>\t\t<\/div>\n\t<\/div>\n<\/section>\n\n\n<section class=\"vc_row section-wrapper\">\n\t\t<div class=\"container\">\n\t\t<div class=\"row\">\n\t\t\t<div class=\"wpb_column vc_column_container vc_col-sm-12\"><div class=\"vc_column-inner\"><div class=\"wpb_wrapper\"><div class=\"vc_tta-container\" data-vc-action=\"collapse\"><div class=\"vc_general vc_tta vc_tta-tabs vc_tta-color-grey vc_tta-style-classic vc_tta-shape-rounded vc_tta-spacing-1 vc_tta-tabs-position-top vc_tta-controls-align-left\"><div class=\"vc_tta-tabs-container\"><ul class=\"vc_tta-tabs-list\"><li class=\"vc_tta-tab vc_active\" data-vc-tab><a href=\"#1603376789033-55edc1b2-c8e0\" data-vc-tabs data-vc-container=\".vc_tta\"><i class=\"vc_tta-icon fas fa-city\"><\/i><span class=\"vc_tta-title-text\">Municipalit\u00e9s et ville<\/span><\/a><\/li><li class=\"vc_tta-tab\" data-vc-tab><a href=\"#1603376789033-e2caad9d-c6b4\" data-vc-tabs data-vc-container=\".vc_tta\"><i class=\"vc_tta-icon fas fa-chart-line\"><\/i><span class=\"vc_tta-title-text\">Donn\u00e9es sur L\u00e9vis-Lotbini\u00e8re<\/span><\/a><\/li><\/ul><\/div><div class=\"vc_tta-panels-container\"><div class=\"vc_tta-panels\"><div class=\"vc_tta-panel vc_active\" id=\"1603376789033-55edc1b2-c8e0\" data-vc-content=\".vc_tta-panel-body\"><div class=\"vc_tta-panel-heading\"><h4 class=\"vc_tta-panel-title\"><a href=\"#1603376789033-55edc1b2-c8e0\" data-vc-accordion data-vc-container=\".vc_tta-container\"><i class=\"vc_tta-icon fas fa-city\"><\/i><span class=\"vc_tta-title-text\">Municipalit\u00e9s et ville<\/span><\/a><\/h4><\/div><div class=\"vc_tta-panel-body\">\n\t<div class=\"wpb_text_column wpb_content_element\" >\n\t\t<div class=\"wpb_wrapper\">\n\t\t\t<p>La circonscription de L\u00e9vis-Lotbini\u00e8re est constitu\u00e9e des 18 municipalit\u00e9s de la MRC de Lotbini\u00e8re, une municipalit\u00e9 de la MRC de la Nouvelle-Beauce et une partie de la Ville de L\u00e9vis qui inclus :<\/p>\n<h6>MRC de Lotbini\u00e8re<\/h6>\n<ul>\n<li>Dosquet<\/li>\n<li>Laurier-Station<\/li>\n<li>Leclercville<\/li>\n<li>Lotbini\u00e8re<\/li>\n<li>Notre-Dame-du-Sacr\u00e9-C\u0153ur-d&#8217;Issoudun<\/li>\n<li>Saint-Antoine-de-Tilly<\/li>\n<li>Saint-Agapit<\/li>\n<li>Saint-Apollinaire<\/li>\n<li>Sainte-Agathe-de-Lotbini\u00e8re<\/li>\n<li>Sainte-Croix<\/li>\n<li>Saint-\u00c9douard-de-Lotbini\u00e8re<\/li>\n<li>Saint-Flavien<\/li>\n<li>Saint-Gilles<\/li>\n<li>Saint-Janvier-de-Joly<\/li>\n<li>Saint-Narcisse-de-Beaurivage<\/li>\n<li>Saint-Patrice-Beaurivage<\/li>\n<li>Saint-Sylvestre<\/li>\n<li>Val-Alain<\/li>\n<\/ul>\n<h6>MRC de la Nouvelle-Beauce<\/h6>\n<ul>\n<li>Saint-Lambert-de-Lauzon<\/li>\n<\/ul>\n<h6>Ville de L\u00e9vis<\/h6>\n<ul>\n<li>Arrondissement Les Chutes-de-la-Chaudi\u00e8re-Est\n<ul>\n<li>Charny<\/li>\n<li>Saint-Jean-Chrysostome<\/li>\n<li>Sainte-H\u00e9l\u00e8ne-Breakeyville<\/li>\n<\/ul>\n<\/li>\n<li>Arrondissement Les Chutes-de-la-Chaudi\u00e8re-Ouest\n<ul>\n<li>Saint-\u00c9tienne-de-Lauzon<\/li>\n<li>Saint-Nicolas<\/li>\n<li>Saint-R\u00e9dempteur<\/li>\n<\/ul>\n<\/li>\n<\/ul>\n\n\t\t<\/div>\n\t<\/div>\n<\/div><\/div><div class=\"vc_tta-panel\" id=\"1603376789033-e2caad9d-c6b4\" data-vc-content=\".vc_tta-panel-body\"><div class=\"vc_tta-panel-heading\"><h4 class=\"vc_tta-panel-title\"><a href=\"#1603376789033-e2caad9d-c6b4\" data-vc-accordion data-vc-container=\".vc_tta-container\"><i class=\"vc_tta-icon fas fa-chart-line\"><\/i><span class=\"vc_tta-title-text\">Donn\u00e9es sur L\u00e9vis-Lotbini\u00e8re<\/span><\/a><\/h4><\/div><div class=\"vc_tta-panel-body\">\n\t<div class=\"wpb_text_column wpb_content_element\" >\n\t\t<div class=\"wpb_wrapper\">\n\t\t\t<table>\n<tbody>\n<tr>\n<td><strong>Province:<\/strong><\/td>\n<td>Qu\u00e9bec<\/td>\n<\/tr>\n<tr>\n<td>Nombre d&#8217;\u00e9lecteurs:<\/td>\n<td>89 731 \u00e9lecteurs <\/td>\n<\/tr>\n<tr>\n<td>Population (2016):<\/td>\n<td>113 525 habitants<\/td>\n<\/tr>\n<tr>\n<td>Densit\u00e9 de population:<\/td>\n<td>54.9 hab.\/km\u00b2 (rang: 215 de 338 circonscriptions au Canada)<\/td>\n<\/tr>\n<tr>\n<td>\u00c2ge m\u00e9dian de la population:<\/td>\n<td>40,2 ans (comparativement au Qu\u00e9bec qui est 42,5ans) <\/td>\n<\/tr>\n<tr>\n<td>Revenu m\u00e9dians des m\u00e9nages:<\/td>\n<td>$77 909 (rang:\u00a0108 de 338 circonscriptions au Canada)<\/a><\/td>\n<\/tr>\n<\/tbody>\n<\/table>\n\n\t\t<\/div>\n\t<\/div>\n<\/div><\/div><\/div><\/div><\/div><\/div><\/div><\/div><\/div>\t\t<\/div>\n\t<\/div>\n<\/section>","protected":false},"excerpt":{"rendered":"L\u00e9vis-Lotbini\u00e8re Carte d'\u00c9lections Canada de L\u00e9vis-Lotbini\u00e8re Municipalit\u00e9s et villeDonn\u00e9es sur L\u00e9vis-Lotbini\u00e8reMunicipalit\u00e9s et ville La circonscription de L\u00e9vis-Lotbini\u00e8re est constitu\u00e9e des 18 municipalit\u00e9s de la MRC de Lotbini\u00e8re, une municipalit\u00e9 de la MRC de la Nouvelle-Beauce et une partie de la Ville de L\u00e9vis qui inclus : MRC de Lotbini\u00e8re Dosquet Laurier-Station Leclercville Lotbini\u00e8re Notre-Dame-du-Sacr\u00e9-C\u0153ur-d'Issoudun Saint-Antoine-de-Tilly [...]","protected":false},"author":101015,"featured_media":0,"parent":0,"menu_order":0,"comment_status":"closed","ping_status":"closed","template":"","meta":{"footnotes":""},"class_list":["post-4117","page","type-page","status-publish","hentry"],"_links":{"self":[{"href":"https:\/\/apclevislotbiniere.ca\/fr\/wp-json\/wp\/v2\/pages\/4117","targetHints":{"allow":["GET"]}}],"collection":[{"href":"https:\/\/apclevislotbiniere.ca\/fr\/wp-json\/wp\/v2\/pages"}],"about":[{"href":"https:\/\/apclevislotbiniere.ca\/fr\/wp-json\/wp\/v2\/types\/page"}],"author":[{"embeddable":true,"href":"https:\/\/apclevislotbiniere.ca\/fr\/wp-json\/wp\/v2\/users\/101015"}],"replies":[{"embeddable":true,"href":"https:\/\/apclevislotbiniere.ca\/fr\/wp-json\/wp\/v2\/comments?post=4117"}],"version-history":[{"count":12,"href":"https:\/\/apclevislotbiniere.ca\/fr\/wp-json\/wp\/v2\/pages\/4117\/revisions"}],"predecessor-version":[{"id":4215,"href":"https:\/\/apclevislotbiniere.ca\/fr\/wp-json\/wp\/v2\/pages\/4117\/revisions\/4215"}],"wp:attachment":[{"href":"https:\/\/apclevislotbiniere.ca\/fr\/wp-json\/wp\/v2\/media?parent=4117"}],"curies":[{"name":"wp","href":"https:\/\/api.w.org\/{rel}","templated":true}]}}