{"id":5011,"date":"2023-10-25T09:01:05","date_gmt":"2023-10-25T13:01:05","guid":{"rendered":"https:\/\/apclevislotbiniere.ca\/?page_id=5011"},"modified":"2023-10-25T10:14:06","modified_gmt":"2023-10-25T14:14:06","slug":"politique-de-confidentialite","status":"publish","type":"page","link":"https:\/\/apclevislotbiniere.ca\/fr\/politique-de-confidentialite\/","title":{"rendered":"Politique de confidentialit\u00e9"},"content":{"rendered":"<p>Dans le cadre de la\u00a0<a rel=\"noreferrer noopener\" href=\"https:\/\/www.quebec.ca\/nouvelles\/actualites\/details\/loi-25-nouvelles-dispositions-protegeant-la-vie-privee-des-quebecois-certaines-dispositions-entrent-en-vigueur-aujourdhui-43212\" target=\"_blank\">loi 25<\/a>\u00a0du gouvernement provincial<sup><a href=\"https:\/\/www.fisciences.com\/politique-de-confidentialite\/#538740dd-9522-4cd2-9e1d-fabc07cbeb0c\">1<\/a><\/sup>, \u00ab\u00a0APC L\u00e9vis-Lotbini\u00e8re\u00a0\u00bb ne recueille aucune information personnelle autre que celle n\u00e9cessaire pour communiquer avec les partisans et membres de l&#8217;association.<\/p>\n\n\n\n<p>Voici la liste des informations recueillies&nbsp;:<\/p>\n\n\n\n<ul class=\"wp-block-list\">\n<li>Nom et pr\u00e9nom<\/li>\n\n\n\n<li>Adresse postale<\/li>\n\n\n\n<li>Courriel<\/li>\n\n\n\n<li>Employeur et son occupation<\/li>\n\n\n\n<li>Num\u00e9ro de t\u00e9l\u00e9phone\/cellulaire<\/li>\n<\/ul>\n\n\n\n<p>Ces informations sont collect\u00e9es par notre site web, avec le consentement de l&#8217;individu. Elles sont ensuite sauvegard\u00e9es dans un logiciel informatique unique, propri\u00e9t\u00e9 de \u00ab\u00a0D\u00e9veloppement f.i.SCIENCES\u00a0\u00bb (<a rel=\"noreferrer noopener\" href=\"https:\/\/fr.wikipedia.org\/wiki\/Progiciel_de_gestion_int%C3%A9gr%C3%A9\" target=\"_blank\">ERP<\/a>\/<a rel=\"noreferrer noopener\" href=\"https:\/\/fr.wikipedia.org\/wiki\/Gestion_de_la_relation_client\" target=\"_blank\">CRM<\/a>) et h\u00e9berg\u00e9 sur un serveur s\u00e9curis\u00e9 et conforme \u00e0 la <a rel=\"noreferrer noopener\" href=\"https:\/\/www.quebec.ca\/nouvelles\/actualites\/details\/loi-25-nouvelles-dispositions-protegeant-la-vie-privee-des-quebecois-certaines-dispositions-entrent-en-vigueur-aujourdhui-43212\" target=\"_blank\">loi 25<\/a>.<\/p>\n\n\n\n<p>L&#8217;individu peut faire une requ\u00eate d\u2019acc\u00e8s, de modification ou de radiation de ses informations, directement par t\u00e9l\u00e9phone sur les heures de bureau, ou par courriel, le tout disponibles sur notre site web.<\/p>\n\n\n\n<p>L&#8217;individu peut \u00e0 tout moment retirer son consentement \u00e0 la collecte de ses informations et demander que toute l\u2019information non publique soit supprim\u00e9e de notre logiciel, de nos sauvegardes de s\u00e9curit\u00e9 et sur tous les autres m\u00e9dias\/format fournis.<\/p>\n\n\n\n<p><strong>En r\u00e9sum\u00e9<\/strong><\/p>\n\n\n\n<p>Voici trois \u00e9l\u00e9ments \u00e0 retenir concernant la gestion de vos renseignements personnels :<\/p>\n\n\n\n<ul class=\"wp-block-list\">\n<li>Nous obtenons votre consentement avant de les collecter, de les utiliser et de les communiquer.<\/li>\n\n\n\n<li>Nous ne les utilisons qu\u2019aux fins pour lesquelles ils ont \u00e9t\u00e9 recueillis.<\/li>\n\n\n\n<li>Nous mettons en place des mesures sp\u00e9cifiques afin d\u2019en assurer la protection.<\/li>\n<\/ul>\n\n\n\n<p>Le responsable de la protection des renseignements personnels.<br>400 rue B\u00e9langer, Saint-Narcisse-de-Beaurivage, Qu\u00e9bec, Canada, G0S 1W0<br>Website:\u00a0<a href=\"https:\/\/apclevislotbiniere.ca\">https:\/\/apclevislotbiniere.ca<\/a><br>Email:\u00a0rp@apclevislotbiniere.ca<br>Num\u00e9ro de t\u00e9l\u00e9phone: 1-(418) 387-0550<\/p>\n\n\n\n<p><a href=\"https:\/\/apclevislotbiniere.ca\/contact\/\" data-type=\"page\" data-id=\"2559\">Contactez-moi!<sup>2<\/sup><\/a><\/p>\n\n\n\n<ol class=\"wp-block-list\">\n<li>\u00ab&nbsp;APC L\u00e9vis-Lotbini\u00e8re&nbsp;\u00bb suit aussi la r\u00e8glementation de la loi&nbsp;<a rel=\"noreferrer noopener\" href=\"https:\/\/bdp.parl.ca\/sites\/PublicWebsite\/default\/fr_CA\/ResearchPublications\/LegislativeSummaries\/403C28E\" target=\"_blank\">C-28<\/a>&nbsp;(pourriel) du f\u00e9d\u00e9ral.&nbsp;<a href=\"https:\/\/www.fisciences.com\/politique-de-confidentialite\/#538740dd-9522-4cd2-9e1d-fabc07cbeb0c-link\">\u21a9\ufe0e<\/a><a href=\"https:\/\/www.fisciences.com\/politique-de-confidentialite\/#0e597e76-d5a1-47f6-b7a8-9cecd4606534-link\">\u21a9\ufe0e<\/a><\/li>\n\n\n\n<li>Le responsable de la protection des renseignements personnels prendra contact avec vous<br>dans les trente 30 jours suivant la r\u00e9ception de votre courriel.&nbsp;<a href=\"https:\/\/www.fisciences.com\/politique-de-confidentialite\/#2563c8c3-9375-49f9-a5aa-5a80fb2fa076-link\">\u21a9\ufe0e<\/a><\/li>\n<\/ol>","protected":false},"excerpt":{"rendered":"<p>Dans le cadre de la\u00a0loi 25\u00a0du gouvernement provincial1, \u00ab\u00a0APC L\u00e9vis-Lotbini\u00e8re\u00a0\u00bb ne recueille aucune information personnelle autre que celle n\u00e9cessaire pour communiquer avec les partisans et membres de l&#8217;association. Voici la liste des informations recueillies&nbsp;: Ces informations sont collect\u00e9es par notre site web, avec le consentement de l&#8217;individu. Elles sont ensuite sauvegard\u00e9es dans un logiciel informatique [&hellip;]<\/p>\n","protected":false},"author":3,"featured_media":0,"parent":0,"menu_order":0,"comment_status":"closed","ping_status":"closed","template":"","meta":{"footnotes":""},"class_list":["post-5011","page","type-page","status-publish","hentry"],"_links":{"self":[{"href":"https:\/\/apclevislotbiniere.ca\/fr\/wp-json\/wp\/v2\/pages\/5011","targetHints":{"allow":["GET"]}}],"collection":[{"href":"https:\/\/apclevislotbiniere.ca\/fr\/wp-json\/wp\/v2\/pages"}],"about":[{"href":"https:\/\/apclevislotbiniere.ca\/fr\/wp-json\/wp\/v2\/types\/page"}],"author":[{"embeddable":true,"href":"https:\/\/apclevislotbiniere.ca\/fr\/wp-json\/wp\/v2\/users\/3"}],"replies":[{"embeddable":true,"href":"https:\/\/apclevislotbiniere.ca\/fr\/wp-json\/wp\/v2\/comments?post=5011"}],"version-history":[{"count":4,"href":"https:\/\/apclevislotbiniere.ca\/fr\/wp-json\/wp\/v2\/pages\/5011\/revisions"}],"predecessor-version":[{"id":5023,"href":"https:\/\/apclevislotbiniere.ca\/fr\/wp-json\/wp\/v2\/pages\/5011\/revisions\/5023"}],"wp:attachment":[{"href":"https:\/\/apclevislotbiniere.ca\/fr\/wp-json\/wp\/v2\/media?parent=5011"}],"curies":[{"name":"wp","href":"https:\/\/api.w.org\/{rel}","templated":true}]}}