{"id":5216,"date":"2026-03-19T11:41:11","date_gmt":"2026-03-19T15:41:11","guid":{"rendered":"https:\/\/apclevislotbiniere.ca\/?page_id=5216"},"modified":"2026-04-07T14:31:14","modified_gmt":"2026-04-07T18:31:14","slug":"heritage-bleu","status":"publish","type":"page","link":"https:\/\/apclevislotbiniere.ca\/fr\/heritage-bleu\/","title":{"rendered":"H\u00e9ritage Bleu"},"content":{"rendered":"<p class=\"has-black-color has-text-color has-link-color wp-elements-497aa54637a9b8a695e5b3e6ca07e6e1\">Le 23 janvier 2006, Jacques Gourde est \u00e9lu d\u00e9put\u00e9 conservateur pour la premi\u00e8re fois. Vingt ans plus tard, il continue de servir avec passion, constance et d\u00e9vouement.<\/p>\n\n\n\n<p class=\"has-black-color has-text-color has-link-color wp-elements-0af3a65312daaeca22490d4699a0c8f5\">Afin de souligner cet important jalon, l\u2019Association du Parti conservateur de L\u00e9vis-Lotbini\u00e8re souhaite marquer l\u2019occasion en organisant une grande c\u00e9l\u00e9bration qui r\u00e9unira et mettra \u00e0 l&#8217;honneur l\u2019aile Qu\u00e9b\u00e9coise de notre grande famille conservatrice.<\/p>\n\n\n\n<p class=\"has-black-color has-text-color has-link-color wp-elements-c39fd7aef2ef6afaa1a4f52a37f61e24\">Vous \u00eates donc cordialement convi\u00e9 \u00e0 participer \u00e0 l\u2019\u00e9v\u00e9nement&nbsp;<strong><em>H\u00e9ritage Bleu,&nbsp;<\/em><\/strong>qui se tiendra le samedi 11 juillet 2026 \u00e0 11h00 au Centre Communautaire de Saint-Narcisse-de-Beaurivage, l\u00e0 m\u00eame o\u00f9 tout a commenc\u00e9 pour Jacques Gourde.<\/p>\n\n\n\n<p class=\"has-black-color has-text-color has-link-color wp-elements-6cace38f3a1e0ce1caadc32cc6d40326\">Cet \u00e9v\u00e9nement se veut un moment privil\u00e9gi\u00e9 pour c\u00e9l\u00e9brer, honorer et renforcer les liens qui unissent notre grande famille politique.<\/p>\n\n\n\n<p class=\"has-black-color has-text-color has-link-color wp-elements-b6eb5c90933fb2c6ab497c73508866e9\">Nous esp\u00e9rons vivement pouvoir compter sur votre pr\u00e9sence afin de faire de cet \u00e9v\u00e9nement un moment marquant de reconnaissance et de fiert\u00e9. Veuillez donc r\u00e9server votre place rapidement.<\/p>\n\n\n\n<p>Un re\u00e7u d&#8217;imp\u00f4t sera \u00e9mis pour don \u00e0 l&#8217;Association du Parti conservateur de L\u00e9vis-Lotbini\u00e8re.<\/p>\n\n\nINSCRIPTION<form method=\"post\" id=\"charitable-donation-amount-form\" class=\"charitable-form charitable-donation-form charitable-template-standard\" data-use-ajax=\"\" action=\"\">\n\t\t<div class=\"charitable-form-fields cf\">\n\t\t<div class=\"charitable-session-content\" data-template=\"notices\" data-args=\"[]\" style=\"display: none;\"><\/div><noscript><\/noscript><input type=\"hidden\" name=\"charitable_form_id\" value=\"69d5914bbc474\" autocomplete=\"off\" \/><input type=\"text\" name=\"69d5914bbc474\" class=\"charitable-hidden\" value=\"\" autocomplete=\"off\" \/><input type=\"hidden\" name=\"_charitable_donation_amount_nonce\" value=\"5a11e06bca\"  \/><input type=\"hidden\" name=\"_wp_http_referer\" value=\"\/fr\/wp-json\/wp\/v2\/pages\/5216\"  \/><input type=\"hidden\" name=\"charitable_action\" value=\"make_donation_streamlined\"  \/><input type=\"hidden\" name=\"campaign_id\" value=\"5217\"  \/><input type=\"hidden\" name=\"description\" value=\"H\u00e9ritage Bleu\"  \/><input type=\"hidden\" name=\"ID\" value=\"0\"  \/><input type=\"hidden\" name=\"gateway\" value=\"stripe\"  \/><div class=\"charitable-donation-options\">\n\t<div class=\"charitable-session-content\" data-template=\"donation_form_amount_field\" data-args=\"{&quot;campaign_id&quot;:5217,&quot;form_id&quot;:&quot;69d5914bbc474&quot;}\" style=\"display: none;\">\t<ul class=\"donation-amounts has-suggested-amounts donation-amounts-count-8\">\n\t\t\t\t\t<li class=\"donation-amount suggested-donation-amount\">\n\t\t\t\t<label for=\"form-69d5914bbc474-field-185\">\n\t\t\t\t\t<input\n\t\t\t\t\t\tid=\"form-69d5914bbc474-field-185\"\n\t\t\t\t\t\ttype=\"radio\"\n\t\t\t\t\t\tname=\"donation_amount\"\n\t\t\t\t\t\tvalue=\"185\" \t\t\t\t\t\/>\n\t\t\t\t\t<span class=\"amount\">185,00&nbsp;&#36;<\/span> <span class=\"description\">1 personne<\/span>\t\t\t\t<\/label>\n\t\t\t<\/li>\n\t\t\t\t\t\t<li class=\"donation-amount suggested-donation-amount\">\n\t\t\t\t<label for=\"form-69d5914bbc474-field-370\">\n\t\t\t\t\t<input\n\t\t\t\t\t\tid=\"form-69d5914bbc474-field-370\"\n\t\t\t\t\t\ttype=\"radio\"\n\t\t\t\t\t\tname=\"donation_amount\"\n\t\t\t\t\t\tvalue=\"370\" \t\t\t\t\t\/>\n\t\t\t\t\t<span class=\"amount\">370,00&nbsp;&#36;<\/span> <span class=\"description\">2 personnes<\/span>\t\t\t\t<\/label>\n\t\t\t<\/li>\n\t\t\t\t\t\t<li class=\"donation-amount suggested-donation-amount\">\n\t\t\t\t<label for=\"form-69d5914bbc474-field-555\">\n\t\t\t\t\t<input\n\t\t\t\t\t\tid=\"form-69d5914bbc474-field-555\"\n\t\t\t\t\t\ttype=\"radio\"\n\t\t\t\t\t\tname=\"donation_amount\"\n\t\t\t\t\t\tvalue=\"555\" \t\t\t\t\t\/>\n\t\t\t\t\t<span class=\"amount\">555,00&nbsp;&#36;<\/span> <span class=\"description\">3 personnes<\/span>\t\t\t\t<\/label>\n\t\t\t<\/li>\n\t\t\t\t\t\t<li class=\"donation-amount suggested-donation-amount\">\n\t\t\t\t<label for=\"form-69d5914bbc474-field-740\">\n\t\t\t\t\t<input\n\t\t\t\t\t\tid=\"form-69d5914bbc474-field-740\"\n\t\t\t\t\t\ttype=\"radio\"\n\t\t\t\t\t\tname=\"donation_amount\"\n\t\t\t\t\t\tvalue=\"740\" \t\t\t\t\t\/>\n\t\t\t\t\t<span class=\"amount\">740,00&nbsp;&#36;<\/span> <span class=\"description\">4 personnes<\/span>\t\t\t\t<\/label>\n\t\t\t<\/li>\n\t\t\t\t\t\t<li class=\"donation-amount suggested-donation-amount\">\n\t\t\t\t<label for=\"form-69d5914bbc474-field-925\">\n\t\t\t\t\t<input\n\t\t\t\t\t\tid=\"form-69d5914bbc474-field-925\"\n\t\t\t\t\t\ttype=\"radio\"\n\t\t\t\t\t\tname=\"donation_amount\"\n\t\t\t\t\t\tvalue=\"925\" \t\t\t\t\t\/>\n\t\t\t\t\t<span class=\"amount\">925,00&nbsp;&#36;<\/span> <span class=\"description\">5 personnes<\/span>\t\t\t\t<\/label>\n\t\t\t<\/li>\n\t\t\t\t\t\t<li class=\"donation-amount suggested-donation-amount\">\n\t\t\t\t<label for=\"form-69d5914bbc474-field-1110\">\n\t\t\t\t\t<input\n\t\t\t\t\t\tid=\"form-69d5914bbc474-field-1110\"\n\t\t\t\t\t\ttype=\"radio\"\n\t\t\t\t\t\tname=\"donation_amount\"\n\t\t\t\t\t\tvalue=\"1110\" \t\t\t\t\t\/>\n\t\t\t\t\t<span class=\"amount\">1 110,00&nbsp;&#36;<\/span> <span class=\"description\">6 personnes<\/span>\t\t\t\t<\/label>\n\t\t\t<\/li>\n\t\t\t\t\t\t<li class=\"donation-amount suggested-donation-amount\">\n\t\t\t\t<label for=\"form-69d5914bbc474-field-1295\">\n\t\t\t\t\t<input\n\t\t\t\t\t\tid=\"form-69d5914bbc474-field-1295\"\n\t\t\t\t\t\ttype=\"radio\"\n\t\t\t\t\t\tname=\"donation_amount\"\n\t\t\t\t\t\tvalue=\"1295\" \t\t\t\t\t\/>\n\t\t\t\t\t<span class=\"amount\">1 295,00&nbsp;&#36;<\/span> <span class=\"description\">7 personnes<\/span>\t\t\t\t<\/label>\n\t\t\t<\/li>\n\t\t\t\t\t\t<li class=\"donation-amount suggested-donation-amount\">\n\t\t\t\t<label for=\"form-69d5914bbc474-field-1480\">\n\t\t\t\t\t<input\n\t\t\t\t\t\tid=\"form-69d5914bbc474-field-1480\"\n\t\t\t\t\t\ttype=\"radio\"\n\t\t\t\t\t\tname=\"donation_amount\"\n\t\t\t\t\t\tvalue=\"1480\" \t\t\t\t\t\/>\n\t\t\t\t\t<span class=\"amount\">1 480,00&nbsp;&#36;<\/span> <span class=\"description\">1 table, 8 personnes<\/span>\t\t\t\t<\/label>\n\t\t\t<\/li>\n\t\t\t\t<\/ul>\n\t<ul class=\"donation-amounts donation-suggested-amount\">\n\t\t\t<\/ul><!-- .donation-amounts -->\n<\/div><noscript>\t<ul class=\"donation-amounts has-suggested-amounts donation-amounts-count-8\">\n\t\t\t\t\t<li class=\"donation-amount suggested-donation-amount\">\n\t\t\t\t<label for=\"form-69d5914bbc474-field-185\">\n\t\t\t\t\t<input\n\t\t\t\t\t\tid=\"form-69d5914bbc474-field-185\"\n\t\t\t\t\t\ttype=\"radio\"\n\t\t\t\t\t\tname=\"donation_amount\"\n\t\t\t\t\t\tvalue=\"185\" \t\t\t\t\t\/>\n\t\t\t\t\t<span class=\"amount\">185,00&nbsp;&#36;<\/span> <span class=\"description\">1 personne<\/span>\t\t\t\t<\/label>\n\t\t\t<\/li>\n\t\t\t\t\t\t<li class=\"donation-amount suggested-donation-amount\">\n\t\t\t\t<label for=\"form-69d5914bbc474-field-370\">\n\t\t\t\t\t<input\n\t\t\t\t\t\tid=\"form-69d5914bbc474-field-370\"\n\t\t\t\t\t\ttype=\"radio\"\n\t\t\t\t\t\tname=\"donation_amount\"\n\t\t\t\t\t\tvalue=\"370\" \t\t\t\t\t\/>\n\t\t\t\t\t<span class=\"amount\">370,00&nbsp;&#36;<\/span> <span class=\"description\">2 personnes<\/span>\t\t\t\t<\/label>\n\t\t\t<\/li>\n\t\t\t\t\t\t<li class=\"donation-amount suggested-donation-amount\">\n\t\t\t\t<label for=\"form-69d5914bbc474-field-555\">\n\t\t\t\t\t<input\n\t\t\t\t\t\tid=\"form-69d5914bbc474-field-555\"\n\t\t\t\t\t\ttype=\"radio\"\n\t\t\t\t\t\tname=\"donation_amount\"\n\t\t\t\t\t\tvalue=\"555\" \t\t\t\t\t\/>\n\t\t\t\t\t<span class=\"amount\">555,00&nbsp;&#36;<\/span> <span class=\"description\">3 personnes<\/span>\t\t\t\t<\/label>\n\t\t\t<\/li>\n\t\t\t\t\t\t<li class=\"donation-amount suggested-donation-amount\">\n\t\t\t\t<label for=\"form-69d5914bbc474-field-740\">\n\t\t\t\t\t<input\n\t\t\t\t\t\tid=\"form-69d5914bbc474-field-740\"\n\t\t\t\t\t\ttype=\"radio\"\n\t\t\t\t\t\tname=\"donation_amount\"\n\t\t\t\t\t\tvalue=\"740\" \t\t\t\t\t\/>\n\t\t\t\t\t<span class=\"amount\">740,00&nbsp;&#36;<\/span> <span class=\"description\">4 personnes<\/span>\t\t\t\t<\/label>\n\t\t\t<\/li>\n\t\t\t\t\t\t<li class=\"donation-amount suggested-donation-amount\">\n\t\t\t\t<label for=\"form-69d5914bbc474-field-925\">\n\t\t\t\t\t<input\n\t\t\t\t\t\tid=\"form-69d5914bbc474-field-925\"\n\t\t\t\t\t\ttype=\"radio\"\n\t\t\t\t\t\tname=\"donation_amount\"\n\t\t\t\t\t\tvalue=\"925\" \t\t\t\t\t\/>\n\t\t\t\t\t<span class=\"amount\">925,00&nbsp;&#36;<\/span> <span class=\"description\">5 personnes<\/span>\t\t\t\t<\/label>\n\t\t\t<\/li>\n\t\t\t\t\t\t<li class=\"donation-amount suggested-donation-amount\">\n\t\t\t\t<label for=\"form-69d5914bbc474-field-1110\">\n\t\t\t\t\t<input\n\t\t\t\t\t\tid=\"form-69d5914bbc474-field-1110\"\n\t\t\t\t\t\ttype=\"radio\"\n\t\t\t\t\t\tname=\"donation_amount\"\n\t\t\t\t\t\tvalue=\"1110\" \t\t\t\t\t\/>\n\t\t\t\t\t<span class=\"amount\">1 110,00&nbsp;&#36;<\/span> <span class=\"description\">6 personnes<\/span>\t\t\t\t<\/label>\n\t\t\t<\/li>\n\t\t\t\t\t\t<li class=\"donation-amount suggested-donation-amount\">\n\t\t\t\t<label for=\"form-69d5914bbc474-field-1295\">\n\t\t\t\t\t<input\n\t\t\t\t\t\tid=\"form-69d5914bbc474-field-1295\"\n\t\t\t\t\t\ttype=\"radio\"\n\t\t\t\t\t\tname=\"donation_amount\"\n\t\t\t\t\t\tvalue=\"1295\" \t\t\t\t\t\/>\n\t\t\t\t\t<span class=\"amount\">1 295,00&nbsp;&#36;<\/span> <span class=\"description\">7 personnes<\/span>\t\t\t\t<\/label>\n\t\t\t<\/li>\n\t\t\t\t\t\t<li class=\"donation-amount suggested-donation-amount\">\n\t\t\t\t<label for=\"form-69d5914bbc474-field-1480\">\n\t\t\t\t\t<input\n\t\t\t\t\t\tid=\"form-69d5914bbc474-field-1480\"\n\t\t\t\t\t\ttype=\"radio\"\n\t\t\t\t\t\tname=\"donation_amount\"\n\t\t\t\t\t\tvalue=\"1480\" \t\t\t\t\t\/>\n\t\t\t\t\t<span class=\"amount\">1 480,00&nbsp;&#36;<\/span> <span class=\"description\">1 table, 8 personnes<\/span>\t\t\t\t<\/label>\n\t\t\t<\/li>\n\t\t\t\t<\/ul>\n\t<ul class=\"donation-amounts donation-suggested-amount\">\n\t\t\t<\/ul><!-- .donation-amounts -->\n<\/noscript><\/div><!-- .charitable-donation-options -->\n\t<\/div><!-- .charitable-form-fields -->\n\t\t<div class=\"charitable-form-field charitable-submit-field\">\n\t\t<button class=\"button charitable-button donate-button button-primary\" type=\"submit\" name=\"donate\">Donate<\/button>\n\t\t\t\t<div class=\"charitable-form-processing\" style=\"display: none;\">\n\t\t\t<img loading=\"lazy\" decoding=\"async\" src=\"https:\/\/apclevislotbiniere.ca\/wp-content\/plugins\/charitable\/assets\/images\/charitable-loading.gif\" width=\"60\" height=\"60\" alt=\"Loading&hellip;\" \/>\n\t\t<\/div>\n\t<\/div>\n\t<input type=\"hidden\" name=\"trp-form-language\" value=\"fr\"\/><\/form><!-- #charitable-donation-amount-form-->","protected":false},"excerpt":{"rendered":"<p>Le 23 janvier 2006, Jacques Gourde est \u00e9lu d\u00e9put\u00e9 conservateur pour la premi\u00e8re fois. Vingt ans plus tard, il continue de servir avec passion, constance et d\u00e9vouement. Afin de souligner cet important jalon, l\u2019Association du Parti conservateur de L\u00e9vis-Lotbini\u00e8re souhaite marquer l\u2019occasion en organisant une grande c\u00e9l\u00e9bration qui r\u00e9unira et mettra \u00e0 l&#8217;honneur l\u2019aile Qu\u00e9b\u00e9coise [&hellip;]<\/p>\n","protected":false},"author":3,"featured_media":0,"parent":0,"menu_order":0,"comment_status":"closed","ping_status":"closed","template":"","meta":{"footnotes":""},"class_list":["post-5216","page","type-page","status-publish","hentry"],"_links":{"self":[{"href":"https:\/\/apclevislotbiniere.ca\/fr\/wp-json\/wp\/v2\/pages\/5216","targetHints":{"allow":["GET"]}}],"collection":[{"href":"https:\/\/apclevislotbiniere.ca\/fr\/wp-json\/wp\/v2\/pages"}],"about":[{"href":"https:\/\/apclevislotbiniere.ca\/fr\/wp-json\/wp\/v2\/types\/page"}],"author":[{"embeddable":true,"href":"https:\/\/apclevislotbiniere.ca\/fr\/wp-json\/wp\/v2\/users\/3"}],"replies":[{"embeddable":true,"href":"https:\/\/apclevislotbiniere.ca\/fr\/wp-json\/wp\/v2\/comments?post=5216"}],"version-history":[{"count":15,"href":"https:\/\/apclevislotbiniere.ca\/fr\/wp-json\/wp\/v2\/pages\/5216\/revisions"}],"predecessor-version":[{"id":5280,"href":"https:\/\/apclevislotbiniere.ca\/fr\/wp-json\/wp\/v2\/pages\/5216\/revisions\/5280"}],"wp:attachment":[{"href":"https:\/\/apclevislotbiniere.ca\/fr\/wp-json\/wp\/v2\/media?parent=5216"}],"curies":[{"name":"wp","href":"https:\/\/api.w.org\/{rel}","templated":true}]}}